{"id":1385,"date":"2023-01-10T12:28:22","date_gmt":"2023-01-10T12:28:22","guid":{"rendered":"http:\/\/hiszpaniak.com\/about\/"},"modified":"2024-09-16T12:19:06","modified_gmt":"2024-09-16T12:19:06","slug":"o-nas","status":"publish","type":"page","link":"https:\/\/hiszpaniak.com\/pl\/o-nas\/","title":{"rendered":"O nas"},"content":{"rendered":"\t\t<div data-elementor-type=\"wp-page\" data-elementor-id=\"1385\" class=\"elementor elementor-1385\" data-elementor-post-type=\"page\">\n\t\t\t\t<div class=\"elementor-element elementor-element-22cebd7 e-con-full e-flex e-con e-parent\" data-id=\"22cebd7\" data-element_type=\"container\" data-e-type=\"container\" data-settings=\"{&quot;background_background&quot;:&quot;gradient&quot;,&quot;shape_divider_bottom&quot;:&quot;waves&quot;}\">\n\t\t\t\t<div class=\"elementor-shape elementor-shape-bottom\" aria-hidden=\"true\" data-negative=\"false\">\n\t\t\t<svg xmlns=\"http:\/\/www.w3.org\/2000\/svg\" viewBox=\"0 0 1000 100\" preserveAspectRatio=\"none\">\n\t<path class=\"elementor-shape-fill\" d=\"M421.9,6.5c22.6-2.5,51.5,0.4,75.5,5.3c23.6,4.9,70.9,23.5,100.5,35.7c75.8,32.2,133.7,44.5,192.6,49.7\n\tc23.6,2.1,48.7,3.5,103.4-2.5c54.7-6,106.2-25.6,106.2-25.6V0H0v30.3c0,0,72,32.6,158.4,30.5c39.2-0.7,92.8-6.7,134-22.4\n\tc21.2-8.1,52.2-18.2,79.7-24.2C399.3,7.9,411.6,7.5,421.9,6.5z\"\/>\n<\/svg>\t\t<\/div>\n\t\t\t\t<div class=\"elementor-element elementor-element-05030ad elementor-widget elementor-widget-heading\" data-id=\"05030ad\" data-element_type=\"widget\" data-e-type=\"widget\" data-widget_type=\"heading.default\">\n\t\t\t\t<div class=\"elementor-widget-container\">\n\t\t\t\t\t<h1 class=\"elementor-heading-title elementor-size-default\">O nas<\/h1>\t\t\t\t<\/div>\n\t\t\t\t<\/div>\n\t\t\t\t<\/div>\n\t\t<div class=\"elementor-element elementor-element-030f2c4 e-flex e-con-boxed e-con e-parent\" data-id=\"030f2c4\" data-element_type=\"container\" data-e-type=\"container\" data-settings=\"{&quot;background_background&quot;:&quot;classic&quot;}\">\n\t\t\t\t\t<div class=\"e-con-inner\">\n\t\t<div class=\"elementor-element elementor-element-6382d20 e-con-full e-flex e-con e-child\" data-id=\"6382d20\" data-element_type=\"container\" data-e-type=\"container\" data-settings=\"{&quot;background_background&quot;:&quot;classic&quot;}\">\n\t\t\t\t<\/div>\n\t\t<div class=\"elementor-element elementor-element-933743e e-con-full e-flex e-con e-child\" data-id=\"933743e\" data-element_type=\"container\" data-e-type=\"container\">\n\t\t\t\t<\/div>\n\t\t\t\t\t<\/div>\n\t\t\t\t<\/div>\n\t\t<div class=\"elementor-element elementor-element-e159f2b e-flex e-con-boxed e-con e-parent\" data-id=\"e159f2b\" data-element_type=\"container\" data-e-type=\"container\">\n\t\t\t\t\t<div class=\"e-con-inner\">\n\t\t<div class=\"elementor-element elementor-element-6b1b5a2 e-con-full e-flex e-con e-child\" data-id=\"6b1b5a2\" data-element_type=\"container\" data-e-type=\"container\">\n\t\t\t\t<\/div>\n\t\t<div class=\"elementor-element elementor-element-e2ccb8d e-con-full e-flex e-con e-child\" data-id=\"e2ccb8d\" data-element_type=\"container\" data-e-type=\"container\" data-settings=\"{&quot;background_background&quot;:&quot;classic&quot;,&quot;animation&quot;:&quot;none&quot;,&quot;animation_delay&quot;:500}\">\n\t\t\t\t<div class=\"elementor-element elementor-element-31934d0 elementor-widget elementor-widget-heading\" data-id=\"31934d0\" data-element_type=\"widget\" data-e-type=\"widget\" data-widget_type=\"heading.default\">\n\t\t\t\t<div class=\"elementor-widget-container\">\n\t\t\t\t\t<h2 class=\"elementor-heading-title elementor-size-default\">O Hiszpaniaku<\/h2>\t\t\t\t<\/div>\n\t\t\t\t<\/div>\n\t\t\t\t<div class=\"elementor-element elementor-element-3dc24ea elementor-widget elementor-widget-text-editor\" data-id=\"3dc24ea\" data-element_type=\"widget\" data-e-type=\"widget\" data-settings=\"{&quot;_animation&quot;:&quot;none&quot;}\" data-widget_type=\"text-editor.default\">\n\t\t\t\t<div class=\"elementor-widget-container\">\n\t\t\t\t\t\t\t\t\t<p><span style=\"background-color: var( --e-global-color-blocksy_palette_8 ); color: var(--theme-text-color); font-style: var(--fontStyle, inherit); font-weight: var(--fontWeight); letter-spacing: var(--letterSpacing); text-transform: var(--textTransform);\">Cze\u015b\u0107, mam na imi\u0119 Ra\u00fal i jestem pomys\u0142odawc\u0105 stworzenia Hiszpaniaka. Pochodz\u0119 z Hiszpanii i po kilku latach nauczania j\u0119zyka angielskiego i hiszpa\u0144skiego w Radomiu (<a href=\"https:\/\/www.gov.pl\/\" rel=\"nofollow \">Polska<\/a>) <\/span><span class=\"palette01\" style=\"font-size: inherit; text-align: inherit; background-color: var( --e-global-color-blocksy_palette_8 ); font-style: var(--fontStyle, inherit); letter-spacing: var(--letterSpacing); text-transform: var(--textTransform);\">zdecydowa\u0142em si\u0119 p\u00f3j\u015b\u0107 na ca\u0142o\u015b\u0107 i zaj\u0105\u0107 si\u0119 nauczaniem\u00a0 j\u0119zyk\u00f3w online<\/span><span style=\"font-size: inherit; text-align: inherit; background-color: var( --e-global-color-blocksy_palette_8 ); color: var(--theme-text-color); font-style: var(--fontStyle, inherit); font-weight: var(--fontWeight); letter-spacing: var(--letterSpacing); text-transform: var(--textTransform);\">. Postanowi\u0142em skoncentrowa\u0107 si\u0119 przede wszystkim na zapewnieniu najwy\u017cszej jako\u015bci prywatnych lekcji j\u0119zyka online ka\u017cdemu, kto szuka dobrego nauczyciela hiszpa\u0144skiego i\/lub angielskiego. Idea Hiszpaniaka powsta\u0142a w oparciu o ch\u0119ci oferowania integralnych us\u0142ug j\u0119zykowych w odpowiedzi na zapotrzebowanie naszych klient\u00f3w. Jest to mo\u017cliwe dzi\u0119ki naszemu zespo\u0142owi <\/span><span style=\"font-size: inherit; text-align: inherit; color: var(--theme-text-color); font-style: var(--fontStyle, inherit); font-weight: var(--fontWeight); letter-spacing: var(--letterSpacing); text-transform: var(--textTransform); background-color: var( --e-global-color-blocksy_palette_8 );\">\u00a0<\/span><a href=\"https:\/\/wsjp.pl\/haslo\/podglad\/15735\/ojczysty\" rel=\"nofollow \"><span class=\"palette01\" style=\"font-size: inherit; text-align: inherit; font-style: var(--fontStyle, inherit); letter-spacing: var(--letterSpacing); text-transform: var(--textTransform); background-color: var( --e-global-color-blocksy_palette_8 );\">native speaker\u00f3w <\/span><\/a><span style=\"font-size: inherit; text-align: inherit; color: var(--theme-text-color); font-style: var(--fontStyle, inherit); font-weight: var(--fontWeight); letter-spacing: var(--letterSpacing); text-transform: var(--textTransform); background-color: var( --e-global-color-blocksy_palette_8 );\">j\u0119zyka hiszpa\u0144skiego, angielskiego i polskiego.<\/span><\/p>\t\t\t\t\t\t\t\t<\/div>\n\t\t\t\t<\/div>\n\t\t\t\t<\/div>\n\t\t\t\t\t<\/div>\n\t\t\t\t<\/div>\n\t\t<div class=\"elementor-element elementor-element-3d4fa9d e-flex e-con-boxed e-con e-parent\" data-id=\"3d4fa9d\" data-element_type=\"container\" data-e-type=\"container\" data-settings=\"{&quot;background_background&quot;:&quot;classic&quot;}\">\n\t\t\t\t\t<div class=\"e-con-inner\">\n\t\t<div class=\"elementor-element elementor-element-9ab6115 e-con-full e-flex e-con e-child\" data-id=\"9ab6115\" data-element_type=\"container\" data-e-type=\"container\">\n\t\t\t\t<\/div>\n\t\t<div class=\"elementor-element elementor-element-d6514ee e-con-full e-flex e-con e-child\" data-id=\"d6514ee\" data-element_type=\"container\" data-e-type=\"container\" data-settings=\"{&quot;background_background&quot;:&quot;classic&quot;}\">\n\t\t\t\t<\/div>\n\t\t\t\t\t<\/div>\n\t\t\t\t<\/div>\n\t\t<div class=\"elementor-element elementor-element-8319baa e-flex e-con-boxed e-con e-parent\" data-id=\"8319baa\" data-element_type=\"container\" data-e-type=\"container\">\n\t\t\t\t\t<div class=\"e-con-inner\">\n\t\t<div class=\"elementor-element elementor-element-d2d6703 e-con-full e-flex e-con e-child\" data-id=\"d2d6703\" data-element_type=\"container\" data-e-type=\"container\" data-settings=\"{&quot;background_background&quot;:&quot;classic&quot;,&quot;animation&quot;:&quot;none&quot;,&quot;animation_delay&quot;:500}\">\n\t\t\t\t<div class=\"elementor-element elementor-element-69836d4 elementor-widget elementor-widget-text-editor\" data-id=\"69836d4\" data-element_type=\"widget\" data-e-type=\"widget\" data-settings=\"{&quot;_animation&quot;:&quot;none&quot;}\" data-widget_type=\"text-editor.default\">\n\t\t\t\t<div class=\"elementor-widget-container\">\n\t\t\t\t\t\t\t\t\t<h2>J\u0119zyk Hiszpa\u0144ski Online<\/h2><p>Dzi\u015b Hiszpaniak to zar\u00f3wno miejsce, w kt\u00f3rym mo\u017cna znale\u017a\u0107 nie tylko <span class=\"palette01\">idealnego prywatnego nauczyciela konwersacji lub gramatyki,<\/span> lecz tak\u017ce eksperta od t\u0142umaczenia, korekty oraz sprawdzania pod wzgl\u0119dem gramatycznym tekst\u00f3w oraz dokument\u00f3w.<\/p><p>S\u0142yniemy z personalnego podej\u015bcia do potrzeb naszych klient\u00f3w i efektywnej pracy. Mo\u017cemy zmieni\u0107 nauczyciela na Twoja pro\u015bb\u0119, dop\u00f3ki nie znajdziesz kogo\u015b, z kim si\u0119 czujesz naprawd\u0119 komfortowo. Przet\u0142umaczony dokument otrzymasz szybciej ni\u017c u przeci\u0119tnego t\u0142umacza. Zapewnimy Ci najwy\u017cszej jako\u015bci korekty tekstu. Nasza <span class=\"palette01\"><a href=\"https:\/\/hiszpaniak.com\/pl\/kontakt\/\">obs\u0142uga klienta<\/a> jest szybka i precyzyjna<\/span>. Jeste\u015bmy tutaj, aby wys\u0142ucha\u0107 Twoich potrzeb i pom\u00f3c Ci we wszystkim co w naszej mocy.<\/p>\t\t\t\t\t\t\t\t<\/div>\n\t\t\t\t<\/div>\n\t\t\t\t<\/div>\n\t\t<div class=\"elementor-element elementor-element-5b53a61 e-con-full e-flex e-con e-child\" data-id=\"5b53a61\" data-element_type=\"container\" data-e-type=\"container\">\n\t\t\t\t<\/div>\n\t\t\t\t\t<\/div>\n\t\t\t\t<\/div>\n\t\t<div class=\"elementor-element elementor-element-82b469c e-flex e-con-boxed e-con e-parent\" data-id=\"82b469c\" data-element_type=\"container\" data-e-type=\"container\" data-settings=\"{&quot;background_background&quot;:&quot;gradient&quot;}\">\n\t\t\t\t\t<div class=\"e-con-inner\">\n\t\t\t\t\t<\/div>\n\t\t\t\t<\/div>\n\t\t\t\t<\/div>\n\t\t","protected":false},"excerpt":{"rendered":"<p>O nas O Hiszpaniaku Cze\u015b\u0107, mam na imi\u0119 Ra\u00fal i jestem pomys\u0142odawc\u0105 stworzenia Hiszpaniaka. Pochodz\u0119 z Hiszpanii i po kilku latach nauczania j\u0119zyka angielskiego i hiszpa\u0144skiego w Radomiu (Polska) zdecydowa\u0142em si\u0119 p\u00f3j\u015b\u0107 na ca\u0142o\u015b\u0107 i zaj\u0105\u0107 si\u0119 nauczaniem\u00a0 j\u0119zyk\u00f3w online. Postanowi\u0142em skoncentrowa\u0107 si\u0119 przede wszystkim na zapewnieniu najwy\u017cszej jako\u015bci prywatnych lekcji j\u0119zyka online ka\u017cdemu, kto [&hellip;]<\/p>\n","protected":false},"author":1,"featured_media":0,"parent":0,"menu_order":0,"comment_status":"closed","ping_status":"closed","template":"elementor_header_footer","meta":{"footnotes":""},"class_list":["post-1385","page","type-page","status-publish","hentry"],"blocksy_meta":{"styles_descriptor":{"styles":{"desktop":"","tablet":"","mobile":""},"google_fonts":[],"version":6}},"aioseo_notices":[],"_links":{"self":[{"href":"https:\/\/hiszpaniak.com\/pl\/wp-json\/wp\/v2\/pages\/1385","targetHints":{"allow":["GET"]}}],"collection":[{"href":"https:\/\/hiszpaniak.com\/pl\/wp-json\/wp\/v2\/pages"}],"about":[{"href":"https:\/\/hiszpaniak.com\/pl\/wp-json\/wp\/v2\/types\/page"}],"author":[{"embeddable":true,"href":"https:\/\/hiszpaniak.com\/pl\/wp-json\/wp\/v2\/users\/1"}],"replies":[{"embeddable":true,"href":"https:\/\/hiszpaniak.com\/pl\/wp-json\/wp\/v2\/comments?post=1385"}],"version-history":[{"count":76,"href":"https:\/\/hiszpaniak.com\/pl\/wp-json\/wp\/v2\/pages\/1385\/revisions"}],"predecessor-version":[{"id":5133,"href":"https:\/\/hiszpaniak.com\/pl\/wp-json\/wp\/v2\/pages\/1385\/revisions\/5133"}],"wp:attachment":[{"href":"https:\/\/hiszpaniak.com\/pl\/wp-json\/wp\/v2\/media?parent=1385"}],"curies":[{"name":"wp","href":"https:\/\/api.w.org\/{rel}","templated":true}]}}