{"id":1558,"date":"2023-05-03T07:56:14","date_gmt":"2023-05-03T07:56:14","guid":{"rendered":"http:\/\/hiszpaniak.com\/?page_id=1558"},"modified":"2024-04-20T21:52:04","modified_gmt":"2024-04-20T21:52:04","slug":"politica-de-cookies","status":"publish","type":"page","link":"https:\/\/hiszpaniak.com\/es\/politica-de-cookies\/","title":{"rendered":"Pol\u00edtica de Cookies"},"content":{"rendered":"\t\t<div data-elementor-type=\"wp-page\" data-elementor-id=\"1558\" class=\"elementor elementor-1558\" data-elementor-post-type=\"page\">\n\t\t\t\t<div class=\"elementor-element elementor-element-36d4981 e-con-full e-flex e-con e-parent\" data-id=\"36d4981\" data-element_type=\"container\" data-e-type=\"container\" data-settings=\"{&quot;background_background&quot;:&quot;gradient&quot;,&quot;shape_divider_bottom&quot;:&quot;waves&quot;}\">\n\t\t\t\t<div class=\"elementor-shape elementor-shape-bottom\" aria-hidden=\"true\" data-negative=\"false\">\n\t\t\t<svg xmlns=\"http:\/\/www.w3.org\/2000\/svg\" viewBox=\"0 0 1000 100\" preserveAspectRatio=\"none\">\n\t<path class=\"elementor-shape-fill\" d=\"M421.9,6.5c22.6-2.5,51.5,0.4,75.5,5.3c23.6,4.9,70.9,23.5,100.5,35.7c75.8,32.2,133.7,44.5,192.6,49.7\n\tc23.6,2.1,48.7,3.5,103.4-2.5c54.7-6,106.2-25.6,106.2-25.6V0H0v30.3c0,0,72,32.6,158.4,30.5c39.2-0.7,92.8-6.7,134-22.4\n\tc21.2-8.1,52.2-18.2,79.7-24.2C399.3,7.9,411.6,7.5,421.9,6.5z\"\/>\n<\/svg>\t\t<\/div>\n\t\t\t\t<div class=\"elementor-element elementor-element-64f6878 elementor-widget elementor-widget-heading\" data-id=\"64f6878\" data-element_type=\"widget\" data-e-type=\"widget\" data-widget_type=\"heading.default\">\n\t\t\t\t<div class=\"elementor-widget-container\">\n\t\t\t\t\t<h1 class=\"elementor-heading-title elementor-size-default\">Pol\u00edtica de Cookies<\/h1>\t\t\t\t<\/div>\n\t\t\t\t<\/div>\n\t\t\t\t<\/div>\n\t\t<div class=\"elementor-element elementor-element-b6b6d5c e-flex e-con-boxed e-con e-parent\" data-id=\"b6b6d5c\" data-element_type=\"container\" data-e-type=\"container\" data-settings=\"{&quot;background_background&quot;:&quot;classic&quot;}\">\n\t\t\t\t\t<div class=\"e-con-inner\">\n\t\t\t\t<div class=\"elementor-element elementor-element-3c5ea85 elementor-widget elementor-widget-text-editor\" data-id=\"3c5ea85\" data-element_type=\"widget\" data-e-type=\"widget\" data-widget_type=\"text-editor.default\">\n\t\t\t\t<div class=\"elementor-widget-container\">\n\t\t\t\t\t\t\t\t\t<p class=\"MsoNormal\" style=\"text-align: justify;\"><span lang=\"PL\" style=\"font-size: 12.0pt; line-height: 107%; mso-ansi-language: PL;\">La sede de Hiszpaniak est\u00e1 localizada en Polonia, por lo que los documentos legales (Pol\u00edtica de Privacidad, Pol\u00edtica de Cookies y los T\u00e9rminos y Condiciones) que puedes encontrar en esta p\u00e1gina web est\u00e1n escritos en polaco. Si tiene problemas comprendiendo la lengua polaca, recuerde que puede usar un traductor autom\u00e1tico como&nbsp;<a href=\"https:\/\/translate.google.com\/\" style=\"transition: var(--transition); --textDecoration: underline;\">Google Translator<\/a>&nbsp;para traducir el texto al idioma que desee. Sin embargo, en caso de conflicto, ser\u00e1 la versi\u00f3n polaca la que prevalezca.<br><\/span><\/p>\n<p class=\"MsoNormal\" style=\"text-align: justify;\"><span lang=\"PL\" style=\"font-size: 12.0pt; line-height: 107%; mso-ansi-language: PL;\"><br><\/span><\/p>\n<p class=\"MsoNormal\" style=\"text-align: justify;\"><span lang=\"PL\" style=\"font-size: 12.0pt; line-height: 107%; mso-ansi-language: PL;\">Cookies (ciasteczka) w serwisie&nbsp;<\/span><a style=\"font-size: inherit; font-style: var(--fontStyle, inherit); font-weight: var(--fontWeight); letter-spacing: var(--letterSpacing); text-transform: var(--textTransform); transition: var(--transition);\" href=\"http:\/\/hiszpaniak.com\/\">http:\/\/hiszpaniak.com\/<\/a><\/p>\n<p class=\"MsoNormal\" style=\"text-align: justify;\"><b><span lang=\"PL\" style=\"font-size: 12.0pt; line-height: 107%; mso-ansi-language: PL;\">Polityka cookies i innych podobnych technologii<\/span><\/b><\/p>\n<p class=\"MsoNormal\" style=\"text-align: justify;\"><span lang=\"PL\" style=\"font-size: 12.0pt; line-height: 107%; mso-ansi-language: PL;\">W zwi\u0105zku z udost\u0119pnianiem zawarto\u015bci serwisu internetowego www.upatryka.com (w dalszej cz\u0119\u015bci zwanego \u201cSerwisem\u201d) stosuje tzw. cookies, tj. informacje zapisywane przez serwery na urz\u0105dzeniu ko\u0144cowym u\u017cytkownika, kt\u00f3re serwery mog\u0105 odczyta\u0107 przy ka\u017cdorazowym po\u0142\u0105czeniu si\u0119 z tego urz\u0105dzenia ko\u0144cowego, mo\u017ce tak\u017ce u\u017cywa\u0107 innych technologii o funkcjach podobnych lub to\u017csamych z cookies. W niniejszym dokumencie, informacje dotycz\u0105ce cookies maj\u0105 zastosowanie r\u00f3wnie\u017c do innych podobnych technologii stosowanych w ramach naszych serwis\u00f3w internetowych. Pliki cookies (tzw. \u201cciasteczka\u201d) stanowi\u0105 dane informatyczne, w szczeg\u00f3lno\u015bci pliki tekstowe, kt\u00f3re przechowywane s\u0105 w urz\u0105dzeniu ko\u0144cowym u\u017cytkownika serwisu internetowego. Cookies zazwyczaj zawieraj\u0105 nazw\u0119 domeny serwisu internetowego, z kt\u00f3rego pochodz\u0105, czas przechowywania ich na urz\u0105dzeniu ko\u0144cowym oraz unikalny numer.<\/span><\/p>\n<p class=\"MsoNormal\" style=\"text-align: justify;\"><span lang=\"PL\" style=\"font-size: 12.0pt; line-height: 107%; mso-ansi-language: PL;\">Pliki cookies wykorzystywane s\u0105 w celu:<\/span><\/p>\n<ul style=\"margin-top: 0cm;\" type=\"disc\">\n<li class=\"MsoNormal\" style=\"text-align: justify; mso-list: l1 level1 lfo1; tab-stops: list 36.0pt;\"><span lang=\"PL\" style=\"font-size: 12.0pt; line-height: 107%; mso-ansi-language: PL;\">dostosowania zawarto\u015bci stron serwis\u00f3w internetowych do preferencji u\u017cytkownika oraz optymalizacji korzystania ze stron internetowych; w szczeg\u00f3lno\u015bci pliki te pozwalaj\u0105 rozpozna\u0107 urz\u0105dzenie u\u017cytkownika serwisu internetowego i odpowiednio wy\u015bwietli\u0107 stron\u0119 internetow\u0105, dostosowan\u0105 do jego indywidualnych potrzeb,<\/span><\/li>\n<li class=\"MsoNormal\" style=\"text-align: justify; mso-list: l1 level1 lfo1; tab-stops: list 36.0pt;\"><span lang=\"PL\" style=\"font-size: 12.0pt; line-height: 107%; mso-ansi-language: PL;\">tworzenia statystyk, kt\u00f3re pomagaj\u0105 zrozumie\u0107, w jaki spos\u00f3b u\u017cytkownicy serwisu korzystaj\u0105 ze stron internetowych, co umo\u017cliwia ulepszanie ich struktury i zawarto\u015bci,<\/span><\/li>\n<li class=\"MsoNormal\" style=\"text-align: justify; mso-list: l1 level1 lfo1; tab-stops: list 36.0pt;\"><span lang=\"PL\" style=\"font-size: 12.0pt; line-height: 107%; mso-ansi-language: PL;\">utrzymania sesji u\u017cytkownika serwisu internetowego (po zalogowaniu), dzi\u0119ki kt\u00f3rej u\u017cytkownik nie musi na ka\u017cdej podstronie serwisu ponownie wpisywa\u0107 loginu i has\u0142a,<\/span><\/li>\n<li class=\"MsoNormal\" style=\"text-align: justify; mso-list: l1 level1 lfo1; tab-stops: list 36.0pt;\"><span lang=\"PL\" style=\"font-size: 12.0pt; line-height: 107%; mso-ansi-language: PL;\">dostarczania u\u017cytkownikom tre\u015bci reklamowych bardziej dostosowanych do ich zainteresowa\u0144.<\/span><\/li>\n<\/ul>\n<p class=\"MsoNormal\" style=\"text-align: justify;\"><span lang=\"PL\" style=\"font-size: 12.0pt; line-height: 107%; mso-ansi-language: PL;\">W ramach naszego serwisu internetowego mo\u017cemy stosowa\u0107 nast\u0119puj\u0105ce rodzaje plik\u00f3w cookies:<\/span><\/p>\n<ul style=\"margin-top: 0cm;\" type=\"disc\">\n<li class=\"MsoNormal\" style=\"text-align: justify; mso-list: l0 level1 lfo2; tab-stops: list 36.0pt;\"><span lang=\"PL\" style=\"font-size: 12.0pt; line-height: 107%; mso-ansi-language: PL;\">\u201cniezb\u0119dne\u201d pliki cookies, umo\u017cliwiaj\u0105ce korzystanie z us\u0142ug dost\u0119pnych w ramach serwisu internetowego, np. uwierzytelniaj\u0105ce pliki cookies wykorzystywane do us\u0142ug wymagaj\u0105cych uwierzytelniania w ramach serwisu,<\/span><\/li>\n<li class=\"MsoNormal\" style=\"text-align: justify; mso-list: l0 level1 lfo2; tab-stops: list 36.0pt;\"><span lang=\"PL\" style=\"font-size: 12.0pt; line-height: 107%; mso-ansi-language: PL;\">pliki cookies s\u0142u\u017c\u0105ce do zapewnienia bezpiecze\u0144stwa, np. wykorzystywane do wykrywania nadu\u017cy\u0107 w zakresie uwierzytelniania w ramach serwisu,<\/span><\/li>\n<li class=\"MsoNormal\" style=\"text-align: justify; mso-list: l0 level1 lfo2; tab-stops: list 36.0pt;\"><span lang=\"PL\" style=\"font-size: 12.0pt; line-height: 107%; mso-ansi-language: PL;\">pliki cookies, umo\u017cliwiaj\u0105ce zbieranie informacji o sposobie korzystania ze stron internetowych serwisu,<\/span><\/li>\n<li class=\"MsoNormal\" style=\"text-align: justify; mso-list: l0 level1 lfo2; tab-stops: list 36.0pt;\"><span lang=\"PL\" style=\"font-size: 12.0pt; line-height: 107%; mso-ansi-language: PL;\">\u201cfunkcjonalne\u201d pliki cookies, umo\u017cliwiaj\u0105ce \u201czapami\u0119tanie\u201d wybranych przez u\u017cytkownika ustawie\u0144 i personalizacj\u0119 interfejsu u\u017cytkownika, np. w zakresie wybranego j\u0119zyka lub regionu, z kt\u00f3rego pochodzi u\u017cytkownik, rozmiaru czcionki, wygl\u0105du strony internetowej itp.,<\/span><\/li>\n<li class=\"MsoNormal\" style=\"text-align: justify; mso-list: l0 level1 lfo2; tab-stops: list 36.0pt;\"><span lang=\"PL\" style=\"font-size: 12.0pt; line-height: 107%; mso-ansi-language: PL;\">\u201creklamowe\u201d pliki cookies, umo\u017cliwiaj\u0105ce dostarczanie u\u017cytkownikom tre\u015bci reklamowych bardziej dostosowanych do ich zainteresowa\u0144.<\/span><\/li>\n<\/ul>\n<p class=\"MsoNormal\" style=\"text-align: justify;\"><span lang=\"PL\" style=\"font-size: 12.0pt; line-height: 107%; mso-ansi-language: PL;\">W wielu przypadkach oprogramowanie s\u0142u\u017c\u0105ce do przegl\u0105dania stron internetowych (przegl\u0105darka internetowa) domy\u015blnie dopuszcza przechowywanie plik\u00f3w cookies w urz\u0105dzeniu ko\u0144cowym u\u017cytkownika. U\u017cytkownicy serwisu mog\u0105 dokona\u0107 w ka\u017cdym czasie zmiany ustawie\u0144 dotycz\u0105cych plik\u00f3w cookies. Ustawienia te mog\u0105 zosta\u0107 zmienione w szczeg\u00f3lno\u015bci w taki spos\u00f3b, aby blokowa\u0107 automatyczn\u0105 obs\u0142ug\u0119 plik\u00f3w cookies w ustawieniach przegl\u0105darki internetowej b\u0105d\u017a informowa\u0107 o ich ka\u017cdorazowym zamieszczeniu w urz\u0105dzeniu u\u017cytkownika serwisu internetowego. Szczeg\u00f3\u0142owe informacje o mo\u017cliwo\u015bci i sposobach obs\u0142ugi plik\u00f3w cookies dost\u0119pne s\u0105 w ustawieniach oprogramowania (przegl\u0105darki internetowej). Niedokonanie zmiany ustawie\u0144 w zakresie cookies oznacza, \u017ce b\u0119d\u0105 one zamieszczone w urz\u0105dzeniu ko\u0144cowym u\u017cytkownika, a tym samym b\u0119dziemy przechowywa\u0107 informacje w urz\u0105dzeniu ko\u0144cowym u\u017cytkownika i uzyskiwa\u0107 dost\u0119p do tych informacji.<\/span><\/p>\n<p class=\"MsoNormal\" style=\"text-align: justify;\"><span lang=\"PL\" style=\"font-size: 12.0pt; line-height: 107%; mso-ansi-language: PL;\">Wy\u0142\u0105czenie stosowania cookies mo\u017ce spowodowa\u0107 utrudnienia korzystanie z niekt\u00f3rych us\u0142ug w ramach naszych serwis\u00f3w internetowych, w szczeg\u00f3lno\u015bci wymagaj\u0105cych logowania. Wy\u0142\u0105czenie opcji przyjmowania cookies nie powoduje natomiast braku mo\u017cliwo\u015bci czytania lub ogl\u0105dania tre\u015bci zamieszczanych w serwisie internetowym jaki jest niniejszy Serwis z zastrze\u017ceniem tych, do kt\u00f3rych dost\u0119p wymaga logowania.<\/span><\/p>\n<p><\/p>\n<p class=\"MsoNormal\" style=\"text-align: justify;\"><span lang=\"PL\" style=\"font-size: 12.0pt; line-height: 107%; mso-ansi-language: PL;\">Pliki cookies mog\u0105 by\u0107 zamieszczane w urz\u0105dzeniu ko\u0144cowym u\u017cytkownika serwisu internetowego, a nast\u0119pnie wykorzystywane przez wsp\u00f3\u0142pracuj\u0105cych z Serwisem reklamodawc\u00f3w, przez firmy badawcze oraz dostawc\u00f3w aplikacji multimedialnych.<\/span><\/p>\t\t\t\t\t\t\t\t<\/div>\n\t\t\t\t<\/div>\n\t\t\t\t\t<\/div>\n\t\t\t\t<\/div>\n\t\t\t\t<\/div>\n\t\t","protected":false},"excerpt":{"rendered":"<p>Pol\u00edtica de Cookies La sede de Hiszpaniak est\u00e1 localizada en Polonia, por lo que los documentos legales (Pol\u00edtica de Privacidad, Pol\u00edtica de Cookies y los T\u00e9rminos y Condiciones) que puedes encontrar en esta p\u00e1gina web est\u00e1n escritos en polaco. Si tiene problemas comprendiendo la lengua polaca, recuerde que puede usar un traductor autom\u00e1tico como&nbsp;Google Translator&nbsp;para [&hellip;]<\/p>\n","protected":false},"author":1,"featured_media":0,"parent":0,"menu_order":0,"comment_status":"closed","ping_status":"closed","template":"","meta":{"footnotes":""},"class_list":["post-1558","page","type-page","status-publish","hentry"],"blocksy_meta":{"styles_descriptor":{"styles":{"desktop":"","tablet":"","mobile":""},"google_fonts":[],"version":6}},"aioseo_notices":[],"_links":{"self":[{"href":"https:\/\/hiszpaniak.com\/es\/wp-json\/wp\/v2\/pages\/1558","targetHints":{"allow":["GET"]}}],"collection":[{"href":"https:\/\/hiszpaniak.com\/es\/wp-json\/wp\/v2\/pages"}],"about":[{"href":"https:\/\/hiszpaniak.com\/es\/wp-json\/wp\/v2\/types\/page"}],"author":[{"embeddable":true,"href":"https:\/\/hiszpaniak.com\/es\/wp-json\/wp\/v2\/users\/1"}],"replies":[{"embeddable":true,"href":"https:\/\/hiszpaniak.com\/es\/wp-json\/wp\/v2\/comments?post=1558"}],"version-history":[{"count":19,"href":"https:\/\/hiszpaniak.com\/es\/wp-json\/wp\/v2\/pages\/1558\/revisions"}],"predecessor-version":[{"id":4881,"href":"https:\/\/hiszpaniak.com\/es\/wp-json\/wp\/v2\/pages\/1558\/revisions\/4881"}],"wp:attachment":[{"href":"https:\/\/hiszpaniak.com\/es\/wp-json\/wp\/v2\/media?parent=1558"}],"curies":[{"name":"wp","href":"https:\/\/api.w.org\/{rel}","templated":true}]}}