{"id":1433,"date":"2023-05-03T07:56:14","date_gmt":"2023-05-03T07:56:14","guid":{"rendered":"http:\/\/hiszpaniak.com\/?page_id=1433"},"modified":"2024-04-20T21:51:01","modified_gmt":"2024-04-20T21:51:01","slug":"politica-de-privacidad","status":"publish","type":"page","link":"https:\/\/hiszpaniak.com\/es\/politica-de-privacidad\/","title":{"rendered":"Pol\u00edtica de Privacidad"},"content":{"rendered":"\t\t<div data-elementor-type=\"wp-page\" data-elementor-id=\"1433\" class=\"elementor elementor-1433\" data-elementor-post-type=\"page\">\n\t\t\t\t<div class=\"elementor-element elementor-element-fe64cf0 e-con-full e-flex e-con e-parent\" data-id=\"fe64cf0\" data-element_type=\"container\" data-e-type=\"container\" data-settings=\"{&quot;background_background&quot;:&quot;gradient&quot;,&quot;shape_divider_bottom&quot;:&quot;waves&quot;}\">\n\t\t\t\t<div class=\"elementor-shape elementor-shape-bottom\" aria-hidden=\"true\" data-negative=\"false\">\n\t\t\t<svg xmlns=\"http:\/\/www.w3.org\/2000\/svg\" viewBox=\"0 0 1000 100\" preserveAspectRatio=\"none\">\n\t<path class=\"elementor-shape-fill\" d=\"M421.9,6.5c22.6-2.5,51.5,0.4,75.5,5.3c23.6,4.9,70.9,23.5,100.5,35.7c75.8,32.2,133.7,44.5,192.6,49.7\n\tc23.6,2.1,48.7,3.5,103.4-2.5c54.7-6,106.2-25.6,106.2-25.6V0H0v30.3c0,0,72,32.6,158.4,30.5c39.2-0.7,92.8-6.7,134-22.4\n\tc21.2-8.1,52.2-18.2,79.7-24.2C399.3,7.9,411.6,7.5,421.9,6.5z\"\/>\n<\/svg>\t\t<\/div>\n\t\t\t\t<div class=\"elementor-element elementor-element-495ec2d elementor-widget elementor-widget-heading\" data-id=\"495ec2d\" data-element_type=\"widget\" data-e-type=\"widget\" data-widget_type=\"heading.default\">\n\t\t\t\t<div class=\"elementor-widget-container\">\n\t\t\t\t\t<h1 class=\"elementor-heading-title elementor-size-default\">Pol\u00edtica de Privacidad<\/h1>\t\t\t\t<\/div>\n\t\t\t\t<\/div>\n\t\t\t\t<\/div>\n\t\t<div class=\"elementor-element elementor-element-a380002 e-flex e-con-boxed e-con e-parent\" data-id=\"a380002\" data-element_type=\"container\" data-e-type=\"container\" data-settings=\"{&quot;background_background&quot;:&quot;classic&quot;}\">\n\t\t\t\t\t<div class=\"e-con-inner\">\n\t\t\t\t<div class=\"elementor-element elementor-element-6c3e129 elementor-widget elementor-widget-text-editor\" data-id=\"6c3e129\" data-element_type=\"widget\" data-e-type=\"widget\" data-widget_type=\"text-editor.default\">\n\t\t\t\t<div class=\"elementor-widget-container\">\n\t\t\t\t\t\t\t\t\t<p>La sede de Hiszpaniak est\u00e1 localizada en Polonia, por lo que los documentos legales (Pol\u00edtica de Privacidad, Pol\u00edtica de Cookies y los T\u00e9rminos y Condiciones) que puedes encontrar en esta p\u00e1gina web est\u00e1n escritos en polaco. Si tiene problemas comprendiendo la lengua polaca, recuerde que puede usar un traductor autom\u00e1tico como <a href=\"https:\/\/translate.google.com\/\">Google Translator<\/a> para traducir el texto al idioma que desee. Sin embargo, en caso de conflicto, ser\u00e1 la versi\u00f3n polaca la que prevalezca.<\/p><p>\u00a0<\/p><p><span style=\"font-size: inherit; text-align: inherit; background-color: var( --e-global-color-blocksy_palette_6 ); color: var(--theme-text-color); font-style: var(--fontStyle, inherit); font-weight: var(--fontWeight); letter-spacing: var(--letterSpacing); text-transform: var(--textTransform);\">Zgodnie z Rozporz\u0105dzeniem Parlamentu Europejskiego i Rady Unii Europejskiej 2016\/679 z dnia 27 kwietnia 2016 roku w sprawie ochrony os\u00f3b fizycznych, w zwi\u0105zku z przetwarzaniem danych osobowych i w sprawie swobodnego przep\u0142ywu takich danych oraz uchylenia Dyrektywy 95\/46\/WE, informuj\u0119 i\u017c:<\/span><\/p><p>Administratorem Pa\u0144stwa danych osobowych jest Ra\u00fal Llopis Verd\u00fa, z siedzib\u0105 w Radom, przy ulicy Sobieskiego 6, m.12, 26-600.<\/p><p>Podczas wyra\u017cenia zgody na us\u0142ugi Hiszpaniaka, czyli us\u0142ug z lekcji j\u0119zykowych online, t\u0142umacze\u0144 dokument\u00f3w oraz korekt dokument\u00f3w, wymagane jest podanie pe\u0142nego imienia i nazwiska, adresu e-mail oraz numeru telefonu. Te personalne informacje b\u0119d\u0105 traktowane z pe\u0142n\u0105 ostro\u017cno\u015bci\u0105 oraz przechowywane w bezpieczny spos\u00f3b opisany poni\u017cej. Dane b\u0119d\u0105 przechowywane przez okres 5 lat.<\/p><p>Przetwarzanie danych osobowych zleceniodawcy, jak i danych os\u00f3b trzecich zawartych w dokumentach podlegaj\u0105cych t\u0142umaczeniu, lub korekcie, jest niezb\u0119dne do wykonania umowy. Wszelkie dane osobowe oraz dokumenty udost\u0119pnione Hiszpaniak b\u0119d\u0105 bezpiecznie przechowywane w formie elektronicznej, a tym samym chronione przed wyciekom danych i dost\u0119pem os\u00f3b nieupowa\u017cnionych w przypadku naruszenia danych. Dane b\u0119d\u0105 przechowywane przez okres 5 lat. B\u0119d\u0105 one przechowywane, w postaci plik\u00f3w tekstowych w formie gotowych t\u0142umacze\u0144 oraz zarchiwizowanych przes\u0142anych oryginalnych dokument\u00f3w stanowi\u0105cych podstaw\u0119 do wykonania zlecenia w formie elektronicznej na zakodowanych dyskach przez okres pi\u0119ciu lat licz\u0105c od dnia odbioru t\u0142umaczenia.<\/p><p>Celem wystawienia faktury, wymagane b\u0119dzie podanie dodatkowych niezb\u0119dnych danych zgodnie z wymogami obowi\u0105zuj\u0105cych przepis\u00f3w podatkowych. Dane te b\u0119d\u0105 przechowywane przez okres pi\u0119ciu lat.<\/p><p>Posiadaj\u0105 Pa\u0144stwo prawo dost\u0119pu do swoich danych, za\u017c\u0105dania dostarczenia kopii danych podlegaj\u0105cych przetwarzaniu, sprostowania, usuni\u0119cia lub ograniczenia ich przetwarzania, prawo wniesienia sprzeciwu wobec przetwarzania oraz prawo przenoszenia danych.<\/p><p>Posiadaj\u0105 Pa\u0144stwo r\u00f3wnie\u017c prawo do wniesienia sprzeciwu wobec przetwarzania swoich danych, kt\u00f3rych podanie by\u0142o dobrowolne, jednak uwzgl\u0119dnienie tego sprzeciwu mo\u017ce skutkowa\u0107 uniemo\u017cliwieniem wykonania umowy, niemniej jednak Administratorowi przys\u0142uguje prawo do odmowy usuni\u0119cia danych osobowych, je\u017celi naruszy\u0142oby to inne obowi\u0105zuj\u0105ce przepisy prawne. Z ww. praw mo\u017cna skorzysta\u0107 poprzez kontakt osobisty, pisemny, kieruj\u0105c odpowiednie pismo na adres siedziby Administratora lub poprzez e-<a href=\"mailto:info@hiszpaniak.com\">info@hiszpaniak.com<\/a>.<\/p><p>Niezale\u017cnie od postanowie\u0144 ww. Rozporz\u0105dzenia Parlamentu Europejskiego i Rady Unii Europejskiej 2016\/679 z dnia 27 kwietnia 2016, wszystkie informacje i dokumenty przekazywane przez klient\u00f3w traktowane s\u0105 jako poufne, chyba \u017ce zastrze\u017cono inaczej.<\/p><p>Hiszpaniak zobowi\u0105zuje si\u0119 do zachowania w \u015bcis\u0142ej tajemnicy wszystkich poufnych informacji uzyskanych od klienta w trakcie wykonywania zlece\u0144 t\u0142umaczeniowych i korekt, niezale\u017cnie od formy przekazania tych informacji i ich \u017ar\u00f3d\u0142a.<\/p><p>Przez poufne informacje rozumie si\u0119 wszelkie niepodane do publicznej wiadomo\u015bci informacje techniczne, technologiczne, handlowe, organizacyjne lub inne informacje posiadaj\u0105ce warto\u015b\u0107 gospodarcz\u0105, traktowane jako poufne przez klienta.<\/p><p>Hiszpaniak wykorzysta powierzone informacje jedynie w celach zwi\u0105zanych z realizacj\u0105 pozyskanych zlece\u0144 t\u0142umaczeniowych i korekt oraz zobowi\u0105zuje si\u0119 do niekopiowania, niepowielania ani nierozpowszechniania jakichkolwiek przekazanych przez klienta informacji, bez jego uprzedniej zgody wyra\u017conej na pi\u015bmie.<\/p><p>Powy\u017csze zobowi\u0105zanie ustanie, je\u017celi stan tajemnicy wobec tych informacji usta\u0142 i s\u0105 one znane publicznie lub ich ujawnienia za\u017c\u0105da uprawniony organ w\u0142adzy dzia\u0142aj\u0105cy w granicach obowi\u0105zuj\u0105cego prawa, przy czym zakres ujawnianych informacji nie powinien by\u0107 w\u00f3wczas szerszy ni\u017c \u017c\u0105dany przez takowe organy.<\/p><p><strong>\u00a0<\/strong><\/p><p><strong>Data ostatniej aktualizacji: 26\/05\/2023<\/strong><\/p><p><strong>\u00a0<\/strong><\/p><p>Hiszpaniak zastrzega sobie prawo do zmiany niniejszej Polityki prywatno\u015bci w przysz\u0142o\u015bci, je\u015bli uznamy to za stosowne.<\/p>\t\t\t\t\t\t\t\t<\/div>\n\t\t\t\t<\/div>\n\t\t\t\t\t<\/div>\n\t\t\t\t<\/div>\n\t\t\t\t<\/div>\n\t\t","protected":false},"excerpt":{"rendered":"<p>Pol\u00edtica de Privacidad La sede de Hiszpaniak est\u00e1 localizada en Polonia, por lo que los documentos legales (Pol\u00edtica de Privacidad, Pol\u00edtica de Cookies y los T\u00e9rminos y Condiciones) que puedes encontrar en esta p\u00e1gina web est\u00e1n escritos en polaco. Si tiene problemas comprendiendo la lengua polaca, recuerde que puede usar un traductor autom\u00e1tico como Google [&hellip;]<\/p>\n","protected":false},"author":1,"featured_media":0,"parent":0,"menu_order":0,"comment_status":"closed","ping_status":"closed","template":"","meta":{"footnotes":""},"class_list":["post-1433","page","type-page","status-publish","hentry"],"blocksy_meta":{"styles_descriptor":{"styles":{"desktop":"","tablet":"","mobile":""},"google_fonts":[],"version":6}},"aioseo_notices":[],"_links":{"self":[{"href":"https:\/\/hiszpaniak.com\/es\/wp-json\/wp\/v2\/pages\/1433","targetHints":{"allow":["GET"]}}],"collection":[{"href":"https:\/\/hiszpaniak.com\/es\/wp-json\/wp\/v2\/pages"}],"about":[{"href":"https:\/\/hiszpaniak.com\/es\/wp-json\/wp\/v2\/types\/page"}],"author":[{"embeddable":true,"href":"https:\/\/hiszpaniak.com\/es\/wp-json\/wp\/v2\/users\/1"}],"replies":[{"embeddable":true,"href":"https:\/\/hiszpaniak.com\/es\/wp-json\/wp\/v2\/comments?post=1433"}],"version-history":[{"count":27,"href":"https:\/\/hiszpaniak.com\/es\/wp-json\/wp\/v2\/pages\/1433\/revisions"}],"predecessor-version":[{"id":4875,"href":"https:\/\/hiszpaniak.com\/es\/wp-json\/wp\/v2\/pages\/1433\/revisions\/4875"}],"wp:attachment":[{"href":"https:\/\/hiszpaniak.com\/es\/wp-json\/wp\/v2\/media?parent=1433"}],"curies":[{"name":"wp","href":"https:\/\/api.w.org\/{rel}","templated":true}]}}