{"id":1386,"date":"2023-01-10T12:28:22","date_gmt":"2023-01-10T12:28:22","guid":{"rendered":"http:\/\/hiszpaniak.com\/about\/"},"modified":"2023-07-06T20:00:36","modified_gmt":"2023-07-06T20:00:36","slug":"quienes-somos","status":"publish","type":"page","link":"https:\/\/hiszpaniak.com\/es\/quienes-somos\/","title":{"rendered":"Quienes somos"},"content":{"rendered":"\t\t<div data-elementor-type=\"wp-page\" data-elementor-id=\"1386\" class=\"elementor elementor-1386\" data-elementor-post-type=\"page\">\n\t\t\t\t<div class=\"elementor-element elementor-element-22cebd7 e-con-full e-flex e-con e-parent\" data-id=\"22cebd7\" data-element_type=\"container\" data-e-type=\"container\" data-settings=\"{&quot;background_background&quot;:&quot;gradient&quot;,&quot;shape_divider_bottom&quot;:&quot;waves&quot;}\">\n\t\t\t\t<div class=\"elementor-shape elementor-shape-bottom\" aria-hidden=\"true\" data-negative=\"false\">\n\t\t\t<svg xmlns=\"http:\/\/www.w3.org\/2000\/svg\" viewBox=\"0 0 1000 100\" preserveAspectRatio=\"none\">\n\t<path class=\"elementor-shape-fill\" d=\"M421.9,6.5c22.6-2.5,51.5,0.4,75.5,5.3c23.6,4.9,70.9,23.5,100.5,35.7c75.8,32.2,133.7,44.5,192.6,49.7\n\tc23.6,2.1,48.7,3.5,103.4-2.5c54.7-6,106.2-25.6,106.2-25.6V0H0v30.3c0,0,72,32.6,158.4,30.5c39.2-0.7,92.8-6.7,134-22.4\n\tc21.2-8.1,52.2-18.2,79.7-24.2C399.3,7.9,411.6,7.5,421.9,6.5z\"\/>\n<\/svg>\t\t<\/div>\n\t\t\t\t<div class=\"elementor-element elementor-element-05030ad elementor-widget elementor-widget-heading\" data-id=\"05030ad\" data-element_type=\"widget\" data-e-type=\"widget\" data-widget_type=\"heading.default\">\n\t\t\t\t<div class=\"elementor-widget-container\">\n\t\t\t\t\t<h1 class=\"elementor-heading-title elementor-size-default\">Quienes somos<\/h1>\t\t\t\t<\/div>\n\t\t\t\t<\/div>\n\t\t\t\t<\/div>\n\t\t<div class=\"elementor-element elementor-element-030f2c4 e-flex e-con-boxed e-con e-parent\" data-id=\"030f2c4\" data-element_type=\"container\" data-e-type=\"container\" data-settings=\"{&quot;background_background&quot;:&quot;classic&quot;}\">\n\t\t\t\t\t<div class=\"e-con-inner\">\n\t\t<div class=\"elementor-element elementor-element-6382d20 e-con-full e-flex e-con e-parent\" data-id=\"6382d20\" data-element_type=\"container\" data-e-type=\"container\" data-settings=\"{&quot;background_background&quot;:&quot;classic&quot;}\">\n\t\t\t\t<\/div>\n\t\t<div class=\"elementor-element elementor-element-933743e e-con-full e-flex e-con e-parent\" data-id=\"933743e\" data-element_type=\"container\" data-e-type=\"container\">\n\t\t\t\t<\/div>\n\t\t\t\t\t<\/div>\n\t\t\t\t<\/div>\n\t\t<div class=\"elementor-element elementor-element-e159f2b e-flex e-con-boxed e-con e-parent\" data-id=\"e159f2b\" data-element_type=\"container\" data-e-type=\"container\">\n\t\t\t\t\t<div class=\"e-con-inner\">\n\t\t<div class=\"elementor-element elementor-element-6b1b5a2 e-con-full e-flex e-con e-parent\" data-id=\"6b1b5a2\" data-element_type=\"container\" data-e-type=\"container\">\n\t\t\t\t<\/div>\n\t\t<div class=\"elementor-element elementor-element-e2ccb8d e-con-full e-flex e-con e-parent\" data-id=\"e2ccb8d\" data-element_type=\"container\" data-e-type=\"container\" data-settings=\"{&quot;background_background&quot;:&quot;classic&quot;,&quot;animation&quot;:&quot;none&quot;,&quot;animation_delay&quot;:500}\">\n\t\t\t\t<div class=\"elementor-element elementor-element-31934d0 elementor-widget elementor-widget-heading\" data-id=\"31934d0\" data-element_type=\"widget\" data-e-type=\"widget\" data-widget_type=\"heading.default\">\n\t\t\t\t<div class=\"elementor-widget-container\">\n\t\t\t\t\t<h2 class=\"elementor-heading-title elementor-size-default\">Acerca de Hiszpaniak<\/h2>\t\t\t\t<\/div>\n\t\t\t\t<\/div>\n\t\t\t\t<div class=\"elementor-element elementor-element-3dc24ea elementor-widget elementor-widget-text-editor\" data-id=\"3dc24ea\" data-element_type=\"widget\" data-e-type=\"widget\" data-settings=\"{&quot;_animation&quot;:&quot;none&quot;}\" data-widget_type=\"text-editor.default\">\n\t\t\t\t<div class=\"elementor-widget-container\">\n\t\t\t\t\t\t\t\t\t<p>Hola, me llamo Ra\u00fal y soy la persona tras la idea de crear Hiszpaniak. Soy espa\u00f1ol y, tras unos cuantos a\u00f1os ingl\u00e9s y espa\u00f1ol en Radom (Polonia), decid\u00ed jug\u00e1rmela y tratar de convertir <span class=\"palette01\">Hiszpaniak en una referencia a nivel de educaci\u00f3n online en <a href=\"https:\/\/www.gov.pl\/\" rel=\"nofollow \">Polonia<\/a><\/span>. Decid\u00ed basar mi proyecto entorno a la idea de ofrecer las mejores clases de lengua online privadas para cualquiera que est\u00e9 buscando un buen profesor online de Espa\u00f1ol o Ingl\u00e9s.\u00a0<span style=\"font-size: inherit; text-align: inherit; background-color: var( --e-global-color-blocksy_palette_8 ); color: var(--theme-text-color); font-style: var(--fontStyle, inherit); font-weight: var(--fontWeight); letter-spacing: var(--letterSpacing); text-transform: var(--textTransform);\">Adem\u00e1s, la idea de hiszpaniak sigui\u00f3 creciendo hasta el punto de comenzar a tambi\u00e9n ofrecer servicios ling\u00fc\u00edsticos integrales debido a la demanda de nuestros clientes.\u00a0 Nuestro equipo de <\/span><span class=\"palette01\" style=\"font-size: inherit; text-align: inherit; background-color: var( --e-global-color-blocksy_palette_8 ); font-style: var(--fontStyle, inherit); letter-spacing: var(--letterSpacing); text-transform: var(--textTransform);\">profesionales <a href=\"https:\/\/wsjp.pl\/haslo\/podglad\/15735\/ojczysty\" rel=\"nofollow \">nativos<\/a> <\/span><span style=\"font-size: inherit; text-align: inherit; background-color: var( --e-global-color-blocksy_palette_8 ); color: var(--theme-text-color); font-style: var(--fontStyle, inherit); font-weight: var(--fontWeight); letter-spacing: var(--letterSpacing); text-transform: var(--textTransform);\">espa\u00f1oles, ingleses y polacos lo hace posible.<\/span><\/p>\t\t\t\t\t\t\t\t<\/div>\n\t\t\t\t<\/div>\n\t\t\t\t<\/div>\n\t\t\t\t\t<\/div>\n\t\t\t\t<\/div>\n\t\t<div class=\"elementor-element elementor-element-3d4fa9d e-flex e-con-boxed e-con e-parent\" data-id=\"3d4fa9d\" data-element_type=\"container\" data-e-type=\"container\" data-settings=\"{&quot;background_background&quot;:&quot;classic&quot;}\">\n\t\t\t\t\t<div class=\"e-con-inner\">\n\t\t<div class=\"elementor-element elementor-element-9ab6115 e-con-full e-flex e-con e-parent\" data-id=\"9ab6115\" data-element_type=\"container\" data-e-type=\"container\">\n\t\t\t\t<\/div>\n\t\t<div class=\"elementor-element elementor-element-d6514ee e-con-full e-flex e-con e-parent\" data-id=\"d6514ee\" data-element_type=\"container\" data-e-type=\"container\" data-settings=\"{&quot;background_background&quot;:&quot;classic&quot;}\">\n\t\t\t\t<\/div>\n\t\t\t\t\t<\/div>\n\t\t\t\t<\/div>\n\t\t<div class=\"elementor-element elementor-element-8319baa e-flex e-con-boxed e-con e-parent\" data-id=\"8319baa\" data-element_type=\"container\" data-e-type=\"container\">\n\t\t\t\t\t<div class=\"e-con-inner\">\n\t\t<div class=\"elementor-element elementor-element-d2d6703 e-con-full e-flex e-con e-parent\" data-id=\"d2d6703\" data-element_type=\"container\" data-e-type=\"container\" data-settings=\"{&quot;background_background&quot;:&quot;classic&quot;,&quot;animation&quot;:&quot;none&quot;,&quot;animation_delay&quot;:500}\">\n\t\t\t\t<div class=\"elementor-element elementor-element-69836d4 elementor-widget elementor-widget-text-editor\" data-id=\"69836d4\" data-element_type=\"widget\" data-e-type=\"widget\" data-settings=\"{&quot;_animation&quot;:&quot;none&quot;}\" data-widget_type=\"text-editor.default\">\n\t\t\t\t<div class=\"elementor-widget-container\">\n\t\t\t\t\t\t\t\t\t<p>Hoy en d\u00eda, hiszpaniak es tanto un lugar donde encontrar tu\u00a0<span class=\"palette01\">profesor de conversaci\u00f3n y\/o gram\u00e1tica perfecto<\/span>, como tambi\u00e9n una organizaci\u00f3n donde cualquiera que necesite un corrector de textos, un traductor de documentos, o simplemente un profesional para revisar un texto que acabas de redactar y que necesitas que est\u00e9 perfectamente escrito, lo pueda encontrar.<\/p><p>Somos conocidos por adaptarnos a las necesidades de nuestros clientes y por trabajr de una forma muy eficiente. Por ejemplo, te cambiaremos de un profesor a otro hasta que encuentres a alguien con qui\u00e9n te encuentres c\u00f3modo. As\u00ed mismo, te enviaremos tu documento traducido m\u00e1s r\u00e1pido que la media, o te proporcionaremos correcciones de textos de la mayor calidad. Nuestro\u00a0<span class=\"palette01\">servicio de <a href=\"https:\/\/hiszpaniak.com\/es\/contacto\/\">atenc\u00f3n al cliente<\/a> es r\u00e1pido y preciso<\/span>. Estamos aqu\u00ed para escuchar tus necesidades y ayudarte con todo lo que est\u00e9 en nuestras manos.\u00a0<\/p>\t\t\t\t\t\t\t\t<\/div>\n\t\t\t\t<\/div>\n\t\t\t\t<\/div>\n\t\t<div class=\"elementor-element elementor-element-5b53a61 e-con-full e-flex e-con e-parent\" data-id=\"5b53a61\" data-element_type=\"container\" data-e-type=\"container\">\n\t\t\t\t<\/div>\n\t\t\t\t\t<\/div>\n\t\t\t\t<\/div>\n\t\t<div class=\"elementor-element elementor-element-82b469c e-flex e-con-boxed e-con e-parent\" data-id=\"82b469c\" data-element_type=\"container\" data-e-type=\"container\" data-settings=\"{&quot;background_background&quot;:&quot;gradient&quot;}\">\n\t\t\t\t\t<div class=\"e-con-inner\">\n\t\t\t\t\t<\/div>\n\t\t\t\t<\/div>\n\t\t\t\t<\/div>\n\t\t","protected":false},"excerpt":{"rendered":"<p>Quienes somos Acerca de Hiszpaniak Hola, me llamo Ra\u00fal y soy la persona tras la idea de crear Hiszpaniak. Soy espa\u00f1ol y, tras unos cuantos a\u00f1os ingl\u00e9s y espa\u00f1ol en Radom (Polonia), decid\u00ed jug\u00e1rmela y tratar de convertir Hiszpaniak en una referencia a nivel de educaci\u00f3n online en Polonia. Decid\u00ed basar mi proyecto entorno a [&hellip;]<\/p>\n","protected":false},"author":1,"featured_media":0,"parent":0,"menu_order":0,"comment_status":"closed","ping_status":"closed","template":"elementor_header_footer","meta":{"footnotes":""},"class_list":["post-1386","page","type-page","status-publish","hentry"],"blocksy_meta":{"styles_descriptor":{"styles":{"desktop":"","tablet":"","mobile":""},"google_fonts":[],"version":6}},"aioseo_notices":[],"_links":{"self":[{"href":"https:\/\/hiszpaniak.com\/es\/wp-json\/wp\/v2\/pages\/1386","targetHints":{"allow":["GET"]}}],"collection":[{"href":"https:\/\/hiszpaniak.com\/es\/wp-json\/wp\/v2\/pages"}],"about":[{"href":"https:\/\/hiszpaniak.com\/es\/wp-json\/wp\/v2\/types\/page"}],"author":[{"embeddable":true,"href":"https:\/\/hiszpaniak.com\/es\/wp-json\/wp\/v2\/users\/1"}],"replies":[{"embeddable":true,"href":"https:\/\/hiszpaniak.com\/es\/wp-json\/wp\/v2\/comments?post=1386"}],"version-history":[{"count":39,"href":"https:\/\/hiszpaniak.com\/es\/wp-json\/wp\/v2\/pages\/1386\/revisions"}],"predecessor-version":[{"id":2793,"href":"https:\/\/hiszpaniak.com\/es\/wp-json\/wp\/v2\/pages\/1386\/revisions\/2793"}],"wp:attachment":[{"href":"https:\/\/hiszpaniak.com\/es\/wp-json\/wp\/v2\/media?parent=1386"}],"curies":[{"name":"wp","href":"https:\/\/api.w.org\/{rel}","templated":true}]}}